{"id":70,"date":"2025-01-22T00:53:53","date_gmt":"2025-01-22T00:53:53","guid":{"rendered":"https:\/\/evolution-tools.com\/?post_type=product&#038;p=70"},"modified":"2025-09-13T23:56:36","modified_gmt":"2025-09-13T23:56:36","slug":"control-de-produccion","status":"publish","type":"product","link":"https:\/\/evolution-tools.com\/index.php\/product\/control-de-produccion\/","title":{"rendered":"Control de Producci\u00f3n"},"content":{"rendered":"<div id='gallery-1' class='gallery galleryid-70 gallery-columns-3 gallery-size-full'><figure class='gallery-item'>\n\t\t\t<div class='gallery-icon landscape'>\n\t\t\t\t<a href='https:\/\/evolution-tools.com\/?attachment_id=1497'><img fetchpriority=\"high\" decoding=\"async\" width=\"1982\" height=\"1143\" src=\"https:\/\/evolution-tools.com\/wp-content\/uploads\/2025\/01\/Etapas-3.png\" class=\"attachment-full size-full\" alt=\"\" aria-describedby=\"gallery-1-1497\" srcset=\"https:\/\/evolution-tools.com\/wp-content\/uploads\/2025\/01\/Etapas-3.png 1982w, https:\/\/evolution-tools.com\/wp-content\/uploads\/2025\/01\/Etapas-3-300x173.png 300w, https:\/\/evolution-tools.com\/wp-content\/uploads\/2025\/01\/Etapas-3-1024x591.png 1024w, https:\/\/evolution-tools.com\/wp-content\/uploads\/2025\/01\/Etapas-3-768x443.png 768w, https:\/\/evolution-tools.com\/wp-content\/uploads\/2025\/01\/Etapas-3-1536x886.png 1536w, https:\/\/evolution-tools.com\/wp-content\/uploads\/2025\/01\/Etapas-3-800x461.png 800w, https:\/\/evolution-tools.com\/wp-content\/uploads\/2025\/01\/Etapas-3-700x404.png 700w\" sizes=\"(max-width: 1982px) 100vw, 1982px\" \/><\/a>\n\t\t\t<\/div>\n\t\t\t\t<figcaption class='wp-caption-text gallery-caption' id='gallery-1-1497'>\n\t\t\t\tDefine las etapas de tu proceso, desde compras hasta el pago de tus ordenes de producci\u00f3n.\n\t\t\t\t<\/figcaption><\/figure><figure class='gallery-item'>\n\t\t\t<div class='gallery-icon landscape'>\n\t\t\t\t<a href='https:\/\/evolution-tools.com\/?attachment_id=1500'><img decoding=\"async\" width=\"1982\" height=\"1143\" src=\"https:\/\/evolution-tools.com\/wp-content\/uploads\/2025\/01\/Productos-2.png\" class=\"attachment-full size-full\" alt=\"\" aria-describedby=\"gallery-1-1500\" srcset=\"https:\/\/evolution-tools.com\/wp-content\/uploads\/2025\/01\/Productos-2.png 1982w, https:\/\/evolution-tools.com\/wp-content\/uploads\/2025\/01\/Productos-2-300x173.png 300w, https:\/\/evolution-tools.com\/wp-content\/uploads\/2025\/01\/Productos-2-1024x591.png 1024w, https:\/\/evolution-tools.com\/wp-content\/uploads\/2025\/01\/Productos-2-768x443.png 768w, https:\/\/evolution-tools.com\/wp-content\/uploads\/2025\/01\/Productos-2-1536x886.png 1536w, https:\/\/evolution-tools.com\/wp-content\/uploads\/2025\/01\/Productos-2-800x461.png 800w, https:\/\/evolution-tools.com\/wp-content\/uploads\/2025\/01\/Productos-2-700x404.png 700w\" sizes=\"(max-width: 1982px) 100vw, 1982px\" \/><\/a>\n\t\t\t<\/div>\n\t\t\t\t<figcaption class='wp-caption-text gallery-caption' id='gallery-1-1500'>\n\t\t\t\tCrea productos simples o compuestos por dos o mas sub productos y define los procesos a aplicar a cada uno.\n\t\t\t\t<\/figcaption><\/figure><figure class='gallery-item'>\n\t\t\t<div class='gallery-icon landscape'>\n\t\t\t\t<a href='https:\/\/evolution-tools.com\/?attachment_id=1493'><img decoding=\"async\" width=\"1982\" height=\"1143\" src=\"https:\/\/evolution-tools.com\/wp-content\/uploads\/2025\/01\/Ordenes-1.png\" class=\"attachment-full size-full\" alt=\"\" aria-describedby=\"gallery-1-1493\" srcset=\"https:\/\/evolution-tools.com\/wp-content\/uploads\/2025\/01\/Ordenes-1.png 1982w, https:\/\/evolution-tools.com\/wp-content\/uploads\/2025\/01\/Ordenes-1-300x173.png 300w, https:\/\/evolution-tools.com\/wp-content\/uploads\/2025\/01\/Ordenes-1-1024x591.png 1024w, https:\/\/evolution-tools.com\/wp-content\/uploads\/2025\/01\/Ordenes-1-768x443.png 768w, https:\/\/evolution-tools.com\/wp-content\/uploads\/2025\/01\/Ordenes-1-1536x886.png 1536w, https:\/\/evolution-tools.com\/wp-content\/uploads\/2025\/01\/Ordenes-1-800x461.png 800w, https:\/\/evolution-tools.com\/wp-content\/uploads\/2025\/01\/Ordenes-1-700x404.png 700w\" sizes=\"(max-width: 1982px) 100vw, 1982px\" \/><\/a>\n\t\t\t<\/div>\n\t\t\t\t<figcaption class='wp-caption-text gallery-caption' id='gallery-1-1493'>\n\t\t\t\tCrea las \u00f3rdenes de producci\u00f3n\n\t\t\t\t<\/figcaption><\/figure><figure class='gallery-item'>\n\t\t\t<div class='gallery-icon landscape'>\n\t\t\t\t<a href='https:\/\/evolution-tools.com\/?attachment_id=1496'><img loading=\"lazy\" decoding=\"async\" width=\"1973\" height=\"1136\" src=\"https:\/\/evolution-tools.com\/wp-content\/uploads\/2025\/01\/AsignarCargasDeTrabajo2-1.png\" class=\"attachment-full size-full\" alt=\"\" aria-describedby=\"gallery-1-1496\" srcset=\"https:\/\/evolution-tools.com\/wp-content\/uploads\/2025\/01\/AsignarCargasDeTrabajo2-1.png 1973w, https:\/\/evolution-tools.com\/wp-content\/uploads\/2025\/01\/AsignarCargasDeTrabajo2-1-300x173.png 300w, https:\/\/evolution-tools.com\/wp-content\/uploads\/2025\/01\/AsignarCargasDeTrabajo2-1-1024x590.png 1024w, https:\/\/evolution-tools.com\/wp-content\/uploads\/2025\/01\/AsignarCargasDeTrabajo2-1-768x442.png 768w, https:\/\/evolution-tools.com\/wp-content\/uploads\/2025\/01\/AsignarCargasDeTrabajo2-1-1536x884.png 1536w, https:\/\/evolution-tools.com\/wp-content\/uploads\/2025\/01\/AsignarCargasDeTrabajo2-1-800x461.png 800w, https:\/\/evolution-tools.com\/wp-content\/uploads\/2025\/01\/AsignarCargasDeTrabajo2-1-700x403.png 700w\" sizes=\"(max-width: 1973px) 100vw, 1973px\" \/><\/a>\n\t\t\t<\/div>\n\t\t\t\t<figcaption class='wp-caption-text gallery-caption' id='gallery-1-1496'>\n\t\t\t\tAsigna cargas de trabajo a cada uno de tus procesos, arma tu planeaci\u00f3n y comp\u00e1rtela con todo el equipo.\n\t\t\t\t<\/figcaption><\/figure><figure class='gallery-item'>\n\t\t\t<div class='gallery-icon landscape'>\n\t\t\t\t<a href='https:\/\/evolution-tools.com\/?attachment_id=1498'><img loading=\"lazy\" decoding=\"async\" width=\"2009\" height=\"1171\" src=\"https:\/\/evolution-tools.com\/wp-content\/uploads\/2025\/01\/Inventarios-2.png\" class=\"attachment-full size-full\" alt=\"\" aria-describedby=\"gallery-1-1498\" srcset=\"https:\/\/evolution-tools.com\/wp-content\/uploads\/2025\/01\/Inventarios-2.png 2009w, https:\/\/evolution-tools.com\/wp-content\/uploads\/2025\/01\/Inventarios-2-300x175.png 300w, https:\/\/evolution-tools.com\/wp-content\/uploads\/2025\/01\/Inventarios-2-1024x597.png 1024w, https:\/\/evolution-tools.com\/wp-content\/uploads\/2025\/01\/Inventarios-2-768x448.png 768w, https:\/\/evolution-tools.com\/wp-content\/uploads\/2025\/01\/Inventarios-2-1536x895.png 1536w, https:\/\/evolution-tools.com\/wp-content\/uploads\/2025\/01\/Inventarios-2-800x466.png 800w, https:\/\/evolution-tools.com\/wp-content\/uploads\/2025\/01\/Inventarios-2-700x408.png 700w\" sizes=\"(max-width: 2009px) 100vw, 2009px\" \/><\/a>\n\t\t\t<\/div>\n\t\t\t\t<figcaption class='wp-caption-text gallery-caption' id='gallery-1-1498'>\n\t\t\t\tConsulta la ubicaci\u00f3n los inventarios por proceso, sub proceso y l\u00ednea de producci\u00f3n.\n\t\t\t\t<\/figcaption><\/figure><figure class='gallery-item'>\n\t\t\t<div class='gallery-icon landscape'>\n\t\t\t\t<a href='https:\/\/evolution-tools.com\/?attachment_id=1501'><img loading=\"lazy\" decoding=\"async\" width=\"1982\" height=\"1143\" src=\"https:\/\/evolution-tools.com\/wp-content\/uploads\/2025\/01\/Rastreo3-1.png\" class=\"attachment-full size-full\" alt=\"\" aria-describedby=\"gallery-1-1501\" srcset=\"https:\/\/evolution-tools.com\/wp-content\/uploads\/2025\/01\/Rastreo3-1.png 1982w, https:\/\/evolution-tools.com\/wp-content\/uploads\/2025\/01\/Rastreo3-1-300x173.png 300w, https:\/\/evolution-tools.com\/wp-content\/uploads\/2025\/01\/Rastreo3-1-1024x591.png 1024w, https:\/\/evolution-tools.com\/wp-content\/uploads\/2025\/01\/Rastreo3-1-768x443.png 768w, https:\/\/evolution-tools.com\/wp-content\/uploads\/2025\/01\/Rastreo3-1-1536x886.png 1536w, https:\/\/evolution-tools.com\/wp-content\/uploads\/2025\/01\/Rastreo3-1-800x461.png 800w, https:\/\/evolution-tools.com\/wp-content\/uploads\/2025\/01\/Rastreo3-1-700x404.png 700w\" sizes=\"(max-width: 1982px) 100vw, 1982px\" \/><\/a>\n\t\t\t<\/div>\n\t\t\t\t<figcaption class='wp-caption-text gallery-caption' id='gallery-1-1501'>\n\t\t\t\tConsulta la etapa del proceso en la que se encuentra cada orden de producci\u00f3n.\n\t\t\t\t<\/figcaption><\/figure>\n\t\t<\/div>\n\n","protected":false},"excerpt":{"rendered":"<h3 style=\"text-align: left;\"><span style=\"color: #ffffff;\"><a style=\"color: #ffffff;\" href=\"https:\/\/evolution-tools.com\/TexSync\/instalacion\/TexSync.application\" target=\"_blank\" rel=\"noopener\"><button class=\"boton1\"><strong><span style=\"color: #999999;\"><span style=\"color: #ffffff;\">\u00a0\u00a0 \u00a0 \u00a0 \u00a0 \u00a0DESCARGAR\u00a0 DEMO\u00a0 \u00a0 \u00a0 \u00a0 \u00a0\u00a0<\/span><\/span><\/strong><\/button><\/a><\/span><\/h3>\n","protected":false},"featured_media":1501,"comment_status":"open","ping_status":"closed","template":"","meta":{"_kadence_starter_templates_imported_post":false,"_kad_post_transparent":"default","_kad_post_title":"","_kad_post_layout":"default","_kad_post_sidebar_id":"","_kad_post_content_style":"default","_kad_post_vertical_padding":"default","_kad_post_feature":"","_kad_post_feature_position":"","_kad_post_header":false,"_kad_post_footer":false},"product_brand":[33],"product_cat":[29],"product_tag":[],"class_list":{"0":"post-70","1":"product","2":"type-product","3":"status-publish","4":"has-post-thumbnail","6":"product_brand-evolution-tools","7":"product_cat-planeacion","9":"first","10":"instock","11":"featured","12":"virtual","13":"taxable","14":"purchasable","15":"product-type-simple","16":"entry","17":"content-bg","18":"loop-entry"},"jetpack_sharing_enabled":true,"_links":{"self":[{"href":"https:\/\/evolution-tools.com\/index.php\/wp-json\/wp\/v2\/product\/70","targetHints":{"allow":["GET"]}}],"collection":[{"href":"https:\/\/evolution-tools.com\/index.php\/wp-json\/wp\/v2\/product"}],"about":[{"href":"https:\/\/evolution-tools.com\/index.php\/wp-json\/wp\/v2\/types\/product"}],"replies":[{"embeddable":true,"href":"https:\/\/evolution-tools.com\/index.php\/wp-json\/wp\/v2\/comments?post=70"}],"wp:featuredmedia":[{"embeddable":true,"href":"https:\/\/evolution-tools.com\/index.php\/wp-json\/wp\/v2\/media\/1501"}],"wp:attachment":[{"href":"https:\/\/evolution-tools.com\/index.php\/wp-json\/wp\/v2\/media?parent=70"}],"wp:term":[{"taxonomy":"product_brand","embeddable":true,"href":"https:\/\/evolution-tools.com\/index.php\/wp-json\/wp\/v2\/product_brand?post=70"},{"taxonomy":"product_cat","embeddable":true,"href":"https:\/\/evolution-tools.com\/index.php\/wp-json\/wp\/v2\/product_cat?post=70"},{"taxonomy":"product_tag","embeddable":true,"href":"https:\/\/evolution-tools.com\/index.php\/wp-json\/wp\/v2\/product_tag?post=70"}],"curies":[{"name":"wp","href":"https:\/\/api.w.org\/{rel}","templated":true}]}}