{"id":492,"date":"2020-10-26T11:38:49","date_gmt":"2020-10-26T08:38:49","guid":{"rendered":"http:\/\/www.grafas.org\/demo02\/?page_id=492"},"modified":"2025-01-27T19:16:41","modified_gmt":"2025-01-27T19:16:41","slug":"about","status":"publish","type":"page","link":"https:\/\/evolution-tools.com\/index.php\/about\/","title":{"rendered":"Acerca de"},"content":{"rendered":"\t\t<div data-elementor-type=\"wp-page\" data-elementor-id=\"492\" class=\"elementor elementor-492\">\n\t\t\t\t\t\t<section class=\"elementor-section elementor-top-section elementor-element elementor-element-447bb11 elementor-section-height-min-height elementor-section-items-bottom elementor-section-boxed elementor-section-height-default\" data-id=\"447bb11\" data-element_type=\"section\" data-settings=\"{&quot;background_background&quot;:&quot;classic&quot;}\">\n\t\t\t\t\t\t\t<div class=\"elementor-background-overlay\"><\/div>\n\t\t\t\t\t\t\t<div class=\"elementor-container elementor-column-gap-default\">\n\t\t\t\t\t<div class=\"elementor-column elementor-col-50 elementor-top-column elementor-element elementor-element-01b2a2e\" data-id=\"01b2a2e\" data-element_type=\"column\">\n\t\t\t<div class=\"elementor-widget-wrap elementor-element-populated\">\n\t\t\t\t\t\t<div class=\"elementor-element elementor-element-5cf34b4 elementor-widget__width-initial elementor-widget elementor-widget-heading\" data-id=\"5cf34b4\" data-element_type=\"widget\" data-widget_type=\"heading.default\">\n\t\t\t\t<div class=\"elementor-widget-container\">\n\t\t\t\t\t<h2 class=\"elementor-heading-title elementor-size-default\">INFORM\u00c1TICA APLICADA A LOS PROCESOS<\/h2>\t\t\t\t<\/div>\n\t\t\t\t<\/div>\n\t\t\t\t\t<\/div>\n\t\t<\/div>\n\t\t\t\t<div class=\"elementor-column elementor-col-50 elementor-top-column elementor-element elementor-element-71f47ea elementor-hidden-tablet elementor-hidden-phone\" data-id=\"71f47ea\" data-element_type=\"column\">\n\t\t\t<div class=\"elementor-widget-wrap\">\n\t\t\t\t\t\t\t<\/div>\n\t\t<\/div>\n\t\t\t\t\t<\/div>\n\t\t<\/section>\n\t\t\t\t<section class=\"elementor-section elementor-top-section elementor-element elementor-element-f4ff7ab elementor-section-boxed elementor-section-height-default elementor-section-height-default\" data-id=\"f4ff7ab\" data-element_type=\"section\">\n\t\t\t\t\t\t<div class=\"elementor-container elementor-column-gap-default\">\n\t\t\t\t\t<div class=\"elementor-column elementor-col-33 elementor-top-column elementor-element elementor-element-44539d7\" data-id=\"44539d7\" data-element_type=\"column\">\n\t\t\t<div class=\"elementor-widget-wrap elementor-element-populated\">\n\t\t\t\t\t\t<div class=\"elementor-element elementor-element-0417317 elementor-widget elementor-widget-heading\" data-id=\"0417317\" data-element_type=\"widget\" data-widget_type=\"heading.default\">\n\t\t\t\t<div class=\"elementor-widget-container\">\n\t\t\t\t\t<h5 class=\"elementor-heading-title elementor-size-default\">NUESTRA HISTORIA<\/h5>\t\t\t\t<\/div>\n\t\t\t\t<\/div>\n\t\t\t\t<div class=\"elementor-element elementor-element-59203da elementor-widget elementor-widget-heading\" data-id=\"59203da\" data-element_type=\"widget\" data-widget_type=\"heading.default\">\n\t\t\t\t<div class=\"elementor-widget-container\">\n\t\t\t\t\t<h3 class=\"elementor-heading-title elementor-size-default\">Desde 2004<\/h3>\t\t\t\t<\/div>\n\t\t\t\t<\/div>\n\t\t\t\t<div class=\"elementor-element elementor-element-2583fa7 elementor-widget elementor-widget-text-editor\" data-id=\"2583fa7\" data-element_type=\"widget\" data-widget_type=\"text-editor.default\">\n\t\t\t\t<div class=\"elementor-widget-container\">\n\t\t\t\t\t\t\t\t\t<p>M\u00e1s de 20 a\u00f1os desarrollando software enfocado en el control de procesos.\u00a0<\/p><p><span style=\"background-color: transparent; color: var(--global-palette5); font-family: var(--global-body-font-family);\">Desarrollando herramientas para cubrir las necesidades de la mayor\u00eda de los procesos de una empresa de manufactura.\u00a0<\/span><\/p><p><span style=\"background-color: transparent; color: var(--global-palette5); font-family: var(--global-body-font-family);\">Durante estos a\u00f1os hemos acompa\u00f1ado a las empresas resolviendo necesidades muy espec\u00edficas brindando soluciones robustas.<\/span><\/p><p>Se estandarizaron e interconectaron todas las herramientas logrando crear un sistema integral que hace posible que la informaci\u00f3n fluya entre los departamentos de una manera altamente eficiente.<\/p>\t\t\t\t\t\t\t\t<\/div>\n\t\t\t\t<\/div>\n\t\t\t\t\t<\/div>\n\t\t<\/div>\n\t\t\t\t<div class=\"elementor-column elementor-col-33 elementor-top-column elementor-element elementor-element-6d4acba\" data-id=\"6d4acba\" data-element_type=\"column\">\n\t\t\t<div class=\"elementor-widget-wrap elementor-element-populated\">\n\t\t\t\t\t\t<div class=\"elementor-element elementor-element-07f52d4 elementor-widget elementor-widget-image\" data-id=\"07f52d4\" data-element_type=\"widget\" data-widget_type=\"image.default\">\n\t\t\t\t<div class=\"elementor-widget-container\">\n\t\t\t\t\t\t\t\t\t\t\t\t\t\t\t<img fetchpriority=\"high\" decoding=\"async\" width=\"712\" height=\"1024\" src=\"https:\/\/evolution-tools.com\/wp-content\/uploads\/2025\/01\/workplace-with-computer-coffee-cup-712x1024.jpg\" class=\"attachment-large size-large wp-image-1190\" alt=\"\" srcset=\"https:\/\/evolution-tools.com\/wp-content\/uploads\/2025\/01\/workplace-with-computer-coffee-cup-712x1024.jpg 712w, https:\/\/evolution-tools.com\/wp-content\/uploads\/2025\/01\/workplace-with-computer-coffee-cup-scaled-800x1150.jpg 800w, https:\/\/evolution-tools.com\/wp-content\/uploads\/2025\/01\/workplace-with-computer-coffee-cup-scaled-700x1006.jpg 700w, https:\/\/evolution-tools.com\/wp-content\/uploads\/2025\/01\/workplace-with-computer-coffee-cup-209x300.jpg 209w, https:\/\/evolution-tools.com\/wp-content\/uploads\/2025\/01\/workplace-with-computer-coffee-cup-768x1104.jpg 768w, https:\/\/evolution-tools.com\/wp-content\/uploads\/2025\/01\/workplace-with-computer-coffee-cup-1069x1536.jpg 1069w, https:\/\/evolution-tools.com\/wp-content\/uploads\/2025\/01\/workplace-with-computer-coffee-cup-1425x2048.jpg 1425w, https:\/\/evolution-tools.com\/wp-content\/uploads\/2025\/01\/workplace-with-computer-coffee-cup-scaled.jpg 1781w\" sizes=\"(max-width: 712px) 100vw, 712px\" \/>\t\t\t\t\t\t\t\t\t\t\t\t\t\t\t<\/div>\n\t\t\t\t<\/div>\n\t\t\t\t\t<\/div>\n\t\t<\/div>\n\t\t\t\t<div class=\"elementor-column elementor-col-33 elementor-top-column elementor-element elementor-element-3dd869f\" data-id=\"3dd869f\" data-element_type=\"column\">\n\t\t\t<div class=\"elementor-widget-wrap elementor-element-populated\">\n\t\t\t\t\t\t<div class=\"elementor-element elementor-element-08de217 elementor-widget elementor-widget-image\" data-id=\"08de217\" data-element_type=\"widget\" data-widget_type=\"image.default\">\n\t\t\t\t<div class=\"elementor-widget-container\">\n\t\t\t\t\t\t\t\t\t\t\t\t\t\t\t<img decoding=\"async\" width=\"1024\" height=\"683\" src=\"https:\/\/evolution-tools.com\/wp-content\/uploads\/2025\/01\/modern-office-desktop-1024x683.jpg\" class=\"attachment-large size-large wp-image-1191\" alt=\"\" srcset=\"https:\/\/evolution-tools.com\/wp-content\/uploads\/2025\/01\/modern-office-desktop-1024x683.jpg 1024w, https:\/\/evolution-tools.com\/wp-content\/uploads\/2025\/01\/modern-office-desktop-scaled-800x533.jpg 800w, https:\/\/evolution-tools.com\/wp-content\/uploads\/2025\/01\/modern-office-desktop-scaled-700x467.jpg 700w, https:\/\/evolution-tools.com\/wp-content\/uploads\/2025\/01\/modern-office-desktop-300x200.jpg 300w, https:\/\/evolution-tools.com\/wp-content\/uploads\/2025\/01\/modern-office-desktop-768x512.jpg 768w, https:\/\/evolution-tools.com\/wp-content\/uploads\/2025\/01\/modern-office-desktop-1536x1024.jpg 1536w, https:\/\/evolution-tools.com\/wp-content\/uploads\/2025\/01\/modern-office-desktop-2048x1365.jpg 2048w\" sizes=\"(max-width: 1024px) 100vw, 1024px\" \/>\t\t\t\t\t\t\t\t\t\t\t\t\t\t\t<\/div>\n\t\t\t\t<\/div>\n\t\t\t\t<section class=\"elementor-section elementor-inner-section elementor-element elementor-element-5a13c35 elementor-section-boxed elementor-section-height-default elementor-section-height-default\" data-id=\"5a13c35\" data-element_type=\"section\">\n\t\t\t\t\t\t<div class=\"elementor-container elementor-column-gap-default\">\n\t\t\t\t\t<div class=\"elementor-column elementor-col-100 elementor-inner-column elementor-element elementor-element-f313c41\" data-id=\"f313c41\" data-element_type=\"column\">\n\t\t\t<div class=\"elementor-widget-wrap\">\n\t\t\t\t\t\t\t<\/div>\n\t\t<\/div>\n\t\t\t\t\t<\/div>\n\t\t<\/section>\n\t\t\t\t\t<\/div>\n\t\t<\/div>\n\t\t\t\t\t<\/div>\n\t\t<\/section>\n\t\t\t\t<section class=\"elementor-section elementor-top-section elementor-element elementor-element-b3021c3 elementor-section-boxed elementor-section-height-default elementor-section-height-default\" data-id=\"b3021c3\" data-element_type=\"section\">\n\t\t\t\t\t\t<div class=\"elementor-container elementor-column-gap-default\">\n\t\t\t\t\t<div class=\"elementor-column elementor-col-100 elementor-top-column elementor-element elementor-element-d4bc66c\" data-id=\"d4bc66c\" data-element_type=\"column\">\n\t\t\t<div class=\"elementor-widget-wrap elementor-element-populated\">\n\t\t\t\t\t\t<div class=\"elementor-element elementor-element-de3e326 elementor-widget-divider--view-line elementor-widget elementor-widget-divider\" data-id=\"de3e326\" data-element_type=\"widget\" data-widget_type=\"divider.default\">\n\t\t\t\t<div class=\"elementor-widget-container\">\n\t\t\t\t\t\t\t<div class=\"elementor-divider\">\n\t\t\t<span class=\"elementor-divider-separator\">\n\t\t\t\t\t\t<\/span>\n\t\t<\/div>\n\t\t\t\t\t\t<\/div>\n\t\t\t\t<\/div>\n\t\t\t\t\t<\/div>\n\t\t<\/div>\n\t\t\t\t\t<\/div>\n\t\t<\/section>\n\t\t\t\t<section class=\"elementor-section elementor-top-section elementor-element elementor-element-43a92b1 elementor-section-boxed elementor-section-height-default elementor-section-height-default\" data-id=\"43a92b1\" data-element_type=\"section\">\n\t\t\t\t\t\t<div class=\"elementor-container elementor-column-gap-default\">\n\t\t\t\t\t<div class=\"elementor-column elementor-col-50 elementor-top-column elementor-element elementor-element-f7fe86b\" data-id=\"f7fe86b\" data-element_type=\"column\">\n\t\t\t<div class=\"elementor-widget-wrap elementor-element-populated\">\n\t\t\t\t\t\t<div class=\"elementor-element elementor-element-f256be5 elementor-widget elementor-widget-heading\" data-id=\"f256be5\" data-element_type=\"widget\" data-widget_type=\"heading.default\">\n\t\t\t\t<div class=\"elementor-widget-container\">\n\t\t\t\t\t<h3 class=\"elementor-heading-title elementor-size-default\">En la actualidad<\/h3>\t\t\t\t<\/div>\n\t\t\t\t<\/div>\n\t\t\t\t\t<\/div>\n\t\t<\/div>\n\t\t\t\t<div class=\"elementor-column elementor-col-50 elementor-top-column elementor-element elementor-element-b2b4b0d\" data-id=\"b2b4b0d\" data-element_type=\"column\">\n\t\t\t<div class=\"elementor-widget-wrap elementor-element-populated\">\n\t\t\t\t\t\t<div class=\"elementor-element elementor-element-6de4457 elementor-widget elementor-widget-text-editor\" data-id=\"6de4457\" data-element_type=\"widget\" data-widget_type=\"text-editor.default\">\n\t\t\t\t<div class=\"elementor-widget-container\">\n\t\t\t\t\t\t\t\t\t<p>Brindamos soporte a las empresas con implementaciones de nuestro sistema integral PCS &#8211; \u00abProcess Control System\u00bb,\u00a0 personaliz\u00e1ndolo hasta lograr para lograr los mejores resultados.<\/p>\t\t\t\t\t\t\t\t<\/div>\n\t\t\t\t<\/div>\n\t\t\t\t\t<\/div>\n\t\t<\/div>\n\t\t\t\t\t<\/div>\n\t\t<\/section>\n\t\t\t\t<section class=\"elementor-section elementor-top-section elementor-element elementor-element-7b4c13b elementor-section-boxed elementor-section-height-default elementor-section-height-default\" data-id=\"7b4c13b\" data-element_type=\"section\">\n\t\t\t\t\t\t<div class=\"elementor-container elementor-column-gap-default\">\n\t\t\t\t\t<div class=\"elementor-column elementor-col-33 elementor-top-column elementor-element elementor-element-a81caba\" data-id=\"a81caba\" data-element_type=\"column\">\n\t\t\t<div class=\"elementor-widget-wrap elementor-element-populated\">\n\t\t\t\t\t\t<div class=\"elementor-element elementor-element-7cd28b7 elementor-widget elementor-widget-heading\" data-id=\"7cd28b7\" data-element_type=\"widget\" data-widget_type=\"heading.default\">\n\t\t\t\t<div class=\"elementor-widget-container\">\n\t\t\t\t\t<h4 class=\"elementor-heading-title elementor-size-default\">Valores<\/h4>\t\t\t\t<\/div>\n\t\t\t\t<\/div>\n\t\t\t\t<div class=\"elementor-element elementor-element-a7e69ae elementor-widget elementor-widget-text-editor\" data-id=\"a7e69ae\" data-element_type=\"widget\" data-widget_type=\"text-editor.default\">\n\t\t\t\t<div class=\"elementor-widget-container\">\n\t\t\t\t\t\t\t\t\t<p>&#8211; Empat\u00eda con nuestros clientes: Nos esforzamos en proveer las mejores soluciones para resolver las necesidades de la manera m\u00e1s efectiva, con el mayor valor posible.<\/p><p>&#8211; Profesionalismo: Desarrollamos herramientas confiables de manera estandarizada, de tal manera que puedan evolucionar, es decir que sufran modificaciones posteriores sin mayor contratiempo.<\/p><p>&#8211; Proactividad: Estamos atentos a las oportunidades no detectadas por nuestros clientes para proponer mejoras a los procesos.<\/p>\t\t\t\t\t\t\t\t<\/div>\n\t\t\t\t<\/div>\n\t\t\t\t\t<\/div>\n\t\t<\/div>\n\t\t\t\t<div class=\"elementor-column elementor-col-33 elementor-top-column elementor-element elementor-element-c7bcff5\" data-id=\"c7bcff5\" data-element_type=\"column\">\n\t\t\t<div class=\"elementor-widget-wrap\">\n\t\t\t\t\t\t\t<\/div>\n\t\t<\/div>\n\t\t\t\t<div class=\"elementor-column elementor-col-33 elementor-top-column elementor-element elementor-element-a9a8b16\" data-id=\"a9a8b16\" data-element_type=\"column\">\n\t\t\t<div class=\"elementor-widget-wrap elementor-element-populated\">\n\t\t\t\t\t\t<div class=\"elementor-element elementor-element-36c7641 elementor-widget elementor-widget-heading\" data-id=\"36c7641\" data-element_type=\"widget\" data-widget_type=\"heading.default\">\n\t\t\t\t<div class=\"elementor-widget-container\">\n\t\t\t\t\t<h4 class=\"elementor-heading-title elementor-size-default\">Visi\u00f3n<\/h4>\t\t\t\t<\/div>\n\t\t\t\t<\/div>\n\t\t\t\t<div class=\"elementor-element elementor-element-31ff033 elementor-widget elementor-widget-text-editor\" data-id=\"31ff033\" data-element_type=\"widget\" data-widget_type=\"text-editor.default\">\n\t\t\t\t<div class=\"elementor-widget-container\">\n\t\t\t\t\t\t\t\t\t<p>Ser el socio estrat\u00e9gico de nuestros clientes, con la mezcla necesaria de conocimiento inform\u00e1tico y de procesos para lograr implementaciones de valor para su empresa.<\/p>\t\t\t\t\t\t\t\t<\/div>\n\t\t\t\t<\/div>\n\t\t\t\t\t<\/div>\n\t\t<\/div>\n\t\t\t\t\t<\/div>\n\t\t<\/section>\n\t\t\t\t<\/div>\n\t\t","protected":false},"excerpt":{"rendered":"<p>INFORM\u00c1TICA APLICADA A LOS PROCESOS NUESTRA HISTORIA Desde 2004 M\u00e1s de 20 a\u00f1os desarrollando software enfocado en el control de procesos.\u00a0 Desarrollando herramientas para cubrir las necesidades de la mayor\u00eda de los procesos de una empresa de manufactura.\u00a0 Durante estos a\u00f1os hemos acompa\u00f1ado a las empresas resolviendo necesidades muy espec\u00edficas brindando soluciones robustas. Se estandarizaron&#8230;<\/p>\n","protected":false},"author":1,"featured_media":0,"parent":0,"menu_order":0,"comment_status":"closed","ping_status":"closed","template":"","meta":{"_kadence_starter_templates_imported_post":true,"_kad_post_transparent":"","_kad_post_title":"hide","_kad_post_layout":"fullwidth","_kad_post_sidebar_id":"","_kad_post_content_style":"unboxed","_kad_post_vertical_padding":"hide","_kad_post_feature":"hide","_kad_post_feature_position":"","_kad_post_header":false,"_kad_post_footer":false,"footnotes":""},"class_list":["post-492","page","type-page","status-publish","hentry"],"jetpack_sharing_enabled":true,"_links":{"self":[{"href":"https:\/\/evolution-tools.com\/index.php\/wp-json\/wp\/v2\/pages\/492","targetHints":{"allow":["GET"]}}],"collection":[{"href":"https:\/\/evolution-tools.com\/index.php\/wp-json\/wp\/v2\/pages"}],"about":[{"href":"https:\/\/evolution-tools.com\/index.php\/wp-json\/wp\/v2\/types\/page"}],"author":[{"embeddable":true,"href":"https:\/\/evolution-tools.com\/index.php\/wp-json\/wp\/v2\/users\/1"}],"replies":[{"embeddable":true,"href":"https:\/\/evolution-tools.com\/index.php\/wp-json\/wp\/v2\/comments?post=492"}],"version-history":[{"count":41,"href":"https:\/\/evolution-tools.com\/index.php\/wp-json\/wp\/v2\/pages\/492\/revisions"}],"predecessor-version":[{"id":1326,"href":"https:\/\/evolution-tools.com\/index.php\/wp-json\/wp\/v2\/pages\/492\/revisions\/1326"}],"wp:attachment":[{"href":"https:\/\/evolution-tools.com\/index.php\/wp-json\/wp\/v2\/media?parent=492"}],"curies":[{"name":"wp","href":"https:\/\/api.w.org\/{rel}","templated":true}]}}